{"id":354394,"date":"2022-08-11T22:13:14","date_gmt":"2022-08-11T22:13:14","guid":{"rendered":"https:\/\/rggstudio.sega.com\/?page_id=354394"},"modified":"2022-09-14T10:16:39","modified_gmt":"2022-09-14T10:16:39","slug":"about","status":"publish","type":"page","link":"https:\/\/rggstudio.sega.com\/fr_fr\/about\/","title":{"rendered":"\u00c0 PROPOS"},"content":{"rendered":"[et_pb_section fb_built=&#8221;1&#8243; admin_label=&#8221;section&#8221; _builder_version=&#8221;4.16&#8243; background_color=&#8221;rgba(0,0,0,0)&#8221; global_colors_info=&#8221;{}&#8221;][et_pb_row column_structure=&#8221;3_4,1_4&#8243; make_equal=&#8221;on&#8221; _builder_version=&#8221;4.17.4&#8243; hover_enabled=&#8221;0&#8243; global_colors_info=&#8221;{}&#8221; sticky_enabled=&#8221;0&#8243;][et_pb_column type=&#8221;3_4&#8243; _builder_version=&#8221;4.17.4&#8243; global_colors_info=&#8221;{}&#8221;][et_pb_text _builder_version=&#8221;4.17.4&#8243; positioning=&#8221;absolute&#8221; position_origin_a=&#8221;center_center&#8221; position_origin_a_tablet=&#8221;center_center&#8221; position_origin_a_phone=&#8221;center_center&#8221; position_origin_a_last_edited=&#8221;on|desktop&#8221; position_origin_f_tablet=&#8221;&#8221; position_origin_f_phone=&#8221;&#8221; position_origin_f_last_edited=&#8221;on|desktop&#8221; position_origin_r_tablet=&#8221;&#8221; position_origin_r_phone=&#8221;&#8221; position_origin_r_last_edited=&#8221;on|desktop&#8221; width=&#8221;100%&#8221; hover_enabled=&#8221;0&#8243; positioning_tablet=&#8221;relative&#8221; positioning_phone=&#8221;relative&#8221; positioning_last_edited=&#8221;on|tablet&#8221; global_colors_info=&#8221;{}&#8221; sticky_enabled=&#8221;0&#8243;]<h2>\u00c0 propos de Ryu Ga Gotoku Studio<\/h2>\n<hr \/>\n<p>Avec plus de 12\u00a0millions d'exemplaires vendus \u00e0 l'international depuis sa cr\u00e9ation en 2005, la s\u00e9rie des Yakuza \/ Ryu Ga Gotoku a \u00e9t\u00e9 cr\u00e9\u00e9e avec pour concept fort \u00ab\u00a0des divertissements \u00e0 l'intention d'un public mature\u00a0\u00bb. Cette s\u00e9rie relate la vie d'individus charismatiques dans les quartiers chauds du Japon. Ryu Ga Gotoku Studio n'a pas son pareil pour repr\u00e9senter le Japon moderne en y mettant en sc\u00e8ne l'amour, l'humanit\u00e9 et la trahison, \u00e0 travers une exp\u00e9rience sans commune mesure avec aucune autre dans le divertissement num\u00e9rique.<\/p>[\/et_pb_text][\/et_pb_column][et_pb_column type=&#8221;1_4&#8243; _builder_version=&#8221;4.16&#8243; global_colors_info=&#8221;{}&#8221;][et_pb_image src=&#8221;https:\/\/rggstudio.sega.com\/wp-content\/uploads\/2020\/06\/rggstudio-wht.png&#8221; title_text=&#8221;rggstudio-wht&#8221; _builder_version=&#8221;4.17.4&#8243; max_width=&#8221;220px&#8221; max_width_tablet=&#8221;125px&#8221; max_width_phone=&#8221;125px&#8221; max_width_last_edited=&#8221;on|desktop&#8221; module_alignment=&#8221;center&#8221; global_colors_info=&#8221;{}&#8221;][\/et_pb_image][\/et_pb_column][\/et_pb_row][et_pb_row _builder_version=&#8221;4.17.4&#8243; _module_preset=&#8221;default&#8221; width=&#8221;100%&#8221; max_width=&#8221;2560px&#8221; custom_margin=&#8221;0px||-200px||false|false&#8221; custom_padding=&#8221;0px||0px||true|false&#8221; hover_enabled=&#8221;0&#8243; global_colors_info=&#8221;{}&#8221; z_index=&#8221;0&#8243; sticky_enabled=&#8221;0&#8243;][et_pb_column type=&#8221;4_4&#8243; _builder_version=&#8221;4.17.4&#8243; _module_preset=&#8221;default&#8221; global_colors_info=&#8221;{}&#8221;][et_pb_image src=&#8221;https:\/\/rggstudio.sega.com\/wp-content\/uploads\/2022\/08\/rggstudio_team.jpg&#8221; title_text=&#8221;rggstudio_team&#8221; _builder_version=&#8221;4.17.4&#8243; _module_preset=&#8221;default&#8221; global_colors_info=&#8221;{}&#8221;][\/et_pb_image][\/et_pb_column][\/et_pb_row][et_pb_row _builder_version=&#8221;4.17.4&#8243; _module_preset=&#8221;default&#8221; hover_enabled=&#8221;0&#8243; custom_css_main_element=&#8221;min-width: 375px;&#8221; global_colors_info=&#8221;{}&#8221; scroll_vertical_motion_enable=&#8221;on&#8221; sticky_enabled=&#8221;0&#8243; scroll_fade_enable=&#8221;on&#8221; scroll_vertical_motion=&#8221;0|20|20|100|2|0|0&#8243; motion_trigger_start=&#8221;top&#8221; scroll_fade=&#8221;0|20|20|100|0|100|100&#8243; custom_margin=&#8221;0px||||false|false&#8221; position_origin_a=&#8221;top_center&#8221; z_index=&#8221;100&#8243; horizontal_offset=&#8221;0px&#8221; vertical_offset=&#8221;0px&#8221;][et_pb_column type=&#8221;4_4&#8243; _builder_version=&#8221;4.17.4&#8243; _module_preset=&#8221;default&#8221; global_colors_info=&#8221;{}&#8221;][et_pb_text module_class=&#8221;rgg-staff&#8221; _builder_version=&#8221;4.17.4&#8243; _module_preset=&#8221;default&#8221; text_font=&#8221;Lato|300|||||||&#8221; text_text_color=&#8221;rgba(255,255,255,0.75)&#8221; positioning=&#8221;relative&#8221; position_origin_a=&#8221;top_center&#8221; width=&#8221;100%&#8221; custom_margin=&#8221;0px|auto|0px|auto|true|true&#8221; animation_direction=&#8221;bottom&#8221; hover_enabled=&#8221;0&#8243; custom_css_main_element=&#8221;display: inline-block&#8221; global_colors_info=&#8221;{}&#8221; sticky_enabled=&#8221;0&#8243; vertical_offset=&#8221;0px&#8221; custom_padding=&#8221;0px||0px||true|false&#8221;]<p><span class=\"position\">Directeur du studio Ryu Ga Gotoku\/Producteur ex\u00e9cutif<\/span><br \/><span class=\"name\">Masayoshi Yokoyama<\/span><br \/><span class=\"location\">(Au centre)<\/span><\/p>[\/et_pb_text][\/et_pb_column][\/et_pb_row][et_pb_row _builder_version=&#8221;4.17.4&#8243; _module_preset=&#8221;default&#8221; width=&#8221;95%&#8221; max_width=&#8221;2560px&#8221; module_alignment=&#8221;center&#8221; hover_enabled=&#8221;0&#8243; global_colors_info=&#8221;{}&#8221; sticky_enabled=&#8221;0&#8243; scroll_vertical_motion=&#8221;0|20|20|100|2|0|0&#8243; scroll_vertical_motion_enable=&#8221;on&#8221; scroll_fade_enable=&#8221;on&#8221; motion_trigger_start=&#8221;top&#8221; scroll_fade=&#8221;0|20|20|100|0|100|100&#8243; vertical_offset=&#8221;0px&#8221;][et_pb_column type=&#8221;4_4&#8243; module_class=&#8221;rgg-grid&#8221; _builder_version=&#8221;4.17.4&#8243; _module_preset=&#8221;default&#8221; custom_css_main_element=&#8221;min-width: 275px;&#8221; global_colors_info=&#8221;{}&#8221;][et_pb_text admin_label=&#8221;animation-director&#8221; module_class=&#8221;rgg-staff-text animationDirector&#8221; _builder_version=&#8221;4.17.4&#8243; _module_preset=&#8221;default&#8221; text_font=&#8221;Lato|300|||||||&#8221; text_text_color=&#8221;rgba(255,255,255,0.75)&#8221; positioning=&#8221;relative&#8221; position_origin_a=&#8221;top_center&#8221; custom_margin=&#8221;||||false|false&#8221; custom_padding=&#8221;|||15%|false|false&#8221; animation_direction=&#8221;bottom&#8221; hover_enabled=&#8221;0&#8243; global_colors_info=&#8221;{}&#8221; sticky_enabled=&#8221;0&#8243; scroll_vertical_motion=&#8221;0|15|15|100|2|0|0&#8243; scroll_fade=&#8221;0|30|30|100|0|100|100&#8243; motion_trigger_start=&#8221;bottom&#8221;]<p><span class=\"position\">Ryu Ga Gotoku Studio<br \/>Directeur de l'animation<\/span><br \/><span class=\"name\">Takayuki Sorimachi<\/span><br \/><span class=\"location\">(Tout \u00e0 gauche)<\/span><\/p>[\/et_pb_text][et_pb_text admin_label=&#8221;lostjudgment-director&#8221; module_class=&#8221;rgg-staff-text lostjudgmentDirector&#8221; _builder_version=&#8221;4.17.4&#8243; _module_preset=&#8221;default&#8221; text_font=&#8221;Lato|300|||||||&#8221; text_text_color=&#8221;rgba(255,255,255,0.75)&#8221; positioning=&#8221;relative&#8221; position_origin_a=&#8221;top_center&#8221; custom_margin=&#8221;||||false|false&#8221; custom_padding=&#8221;|||15%|false|false&#8221; animation_direction=&#8221;bottom&#8221; hover_enabled=&#8221;0&#8243; text_orientation_tablet=&#8221;left&#8221; text_orientation_phone=&#8221;left&#8221; text_orientation_last_edited=&#8221;on|desktop&#8221; global_colors_info=&#8221;{}&#8221; scroll_vertical_motion=&#8221;0|15|15|100|2|0|0&#8243; sticky_enabled=&#8221;0&#8243; motion_trigger_start=&#8221;bottom&#8221; scroll_fade=&#8221;0|30|30|100|0|100|100&#8243;]<p><span class=\"position\">Ryu Ga Gotoku Studio Technical Manager<br \/>Lost Judgment Director<\/span><br \/><span class=\"name\">Yutaka Ito<\/span><br \/><span class=\"location\">(Deuxi\u00e8me \u00e0 partir de la gauche)<\/span><\/p>[\/et_pb_text][et_pb_text admin_label=&#8221;yakuza-chief-director&#8221; module_class=&#8221;rgg-staff-text yakuzaChiefDirector&#8221; _builder_version=&#8221;4.17.4&#8243; _module_preset=&#8221;default&#8221; text_font=&#8221;Lato|300|||||||&#8221; text_text_color=&#8221;rgba(255,255,255,0.75)&#8221; positioning=&#8221;relative&#8221; position_origin_a=&#8221;top_center&#8221; custom_margin=&#8221;||||false|false&#8221; custom_padding=&#8221;|||15%|false|false&#8221; animation_direction=&#8221;bottom&#8221; hover_enabled=&#8221;0&#8243; global_colors_info=&#8221;{}&#8221; sticky_enabled=&#8221;0&#8243;]<p><span class=\"position\">Directeur g\u00e9n\u00e9ral de la s\u00e9rie Yakuza<\/span><br \/><span class=\"name\">Ryosuke Horii<\/span><br \/><span class=\"location\">(Troisi\u00e8me \u00e0 partir de la gauche)<\/span><\/p>[\/et_pb_text][et_pb_text admin_label=&#8221;yakuza-chief-producer&#8221; module_class=&#8221;rgg-staff-text yakuzaChiefProducer&#8221; _builder_version=&#8221;4.17.4&#8243; _module_preset=&#8221;default&#8221; text_font=&#8221;Lato|300|||||||&#8221; text_text_color=&#8221;rgba(255,255,255,0.75)&#8221; positioning=&#8221;relative&#8221; position_origin_a=&#8221;top_center&#8221; custom_margin=&#8221;||||false|false&#8221; custom_padding=&#8221;|||15%|false|false&#8221; animation_direction=&#8221;bottom&#8221; hover_enabled=&#8221;0&#8243; global_colors_info=&#8221;{}&#8221; sticky_enabled=&#8221;0&#8243;]<p><span class=\"position\">Producteur en chef de la s\u00e9rie Yakuza<\/span><br \/><span class=\"name\">Hiroyuki Sakamoto<\/span><br \/><span class=\"location\">(Troisi\u00e8me \u00e0 partir de la droite)<\/span><\/p>[\/et_pb_text][et_pb_text admin_label=&#8221;yakuza-art-director&#8221; module_class=&#8221;rgg-staff-text yakuzaArtDirector&#8221; _builder_version=&#8221;4.17.4&#8243; _module_preset=&#8221;default&#8221; text_font=&#8221;Lato|300|||||||&#8221; text_text_color=&#8221;rgba(255,255,255,0.75)&#8221; positioning=&#8221;relative&#8221; position_origin_a=&#8221;top_center&#8221; custom_margin=&#8221;||||false|false&#8221; custom_padding=&#8221;|||15%|false|false&#8221; animation_direction=&#8221;bottom&#8221; hover_enabled=&#8221;0&#8243; global_colors_info=&#8221;{}&#8221; sticky_enabled=&#8221;0&#8243;]<p><span class=\"position\">Directeur artistique de la s\u00e9rie Yakuza<\/span><br \/><span class=\"name\">Nobuaki Mitake<\/span><br \/><span class=\"location\">(Deuxi\u00e8me \u00e0 partir de la droite)<\/span><\/p>[\/et_pb_text][et_pb_text admin_label=&#8221;visual-design-director&#8221; module_class=&#8221;rgg-staff-text visualDesignDirector&#8221; _builder_version=&#8221;4.17.4&#8243; _module_preset=&#8221;default&#8221; text_font=&#8221;Lato|300|||||||&#8221; text_text_color=&#8221;rgba(255,255,255,0.75)&#8221; positioning=&#8221;relative&#8221; position_origin_a=&#8221;top_center&#8221; custom_margin=&#8221;||||false|false&#8221; custom_padding=&#8221;|||15%|false|false&#8221; animation_direction=&#8221;bottom&#8221; hover_enabled=&#8221;0&#8243; global_colors_info=&#8221;{}&#8221; sticky_enabled=&#8221;0&#8243;]<p><span class=\"position\">Ryu Ga Gotoku Studio<br \/>Conception visuelle et r\u00e9alisation des coupes<\/span><br \/><span class=\"name\">Daisuke Fukagawa<\/span><br \/><span class=\"location\">(Tout \u00e0 droite)<\/span><\/p>[\/et_pb_text][\/et_pb_column][\/et_pb_row][\/et_pb_section]\n<span class=\"et_bloom_bottom_trigger\"><\/span>","protected":false},"excerpt":{"rendered":"<p>About Ryu Ga Gotoku Studio With over 12 million units sold worldwide since its creation in 2005, the Yakuza \/ Ryu Ga Gotoku series was created with the core concept of \u201cEntertainment geared towards mature audiences\u201d in mind, this series portrays the life of relatable people living in Japan\u2019s red-light districts. Ryu Ga Gotoku Studio [&hellip;]<\/p>","protected":false},"author":2,"featured_media":0,"parent":0,"menu_order":0,"comment_status":"closed","ping_status":"closed","template":"","meta":{"_et_pb_use_builder":"on","_et_pb_old_content":"","_et_gb_content_width":"","_links_to":"","_links_to_target":""},"_links":{"self":[{"href":"https:\/\/rggstudio.sega.com\/fr_fr\/wp-json\/wp\/v2\/pages\/354394"}],"collection":[{"href":"https:\/\/rggstudio.sega.com\/fr_fr\/wp-json\/wp\/v2\/pages"}],"about":[{"href":"https:\/\/rggstudio.sega.com\/fr_fr\/wp-json\/wp\/v2\/types\/page"}],"author":[{"embeddable":true,"href":"https:\/\/rggstudio.sega.com\/fr_fr\/wp-json\/wp\/v2\/users\/2"}],"replies":[{"embeddable":true,"href":"https:\/\/rggstudio.sega.com\/fr_fr\/wp-json\/wp\/v2\/comments?post=354394"}],"version-history":[{"count":68,"href":"https:\/\/rggstudio.sega.com\/fr_fr\/wp-json\/wp\/v2\/pages\/354394\/revisions"}],"predecessor-version":[{"id":355284,"href":"https:\/\/rggstudio.sega.com\/fr_fr\/wp-json\/wp\/v2\/pages\/354394\/revisions\/355284"}],"wp:attachment":[{"href":"https:\/\/rggstudio.sega.com\/fr_fr\/wp-json\/wp\/v2\/media?parent=354394"}],"curies":[{"name":"wp","href":"https:\/\/api.w.org\/{rel}","templated":true}]}}