{"id":36,"date":"2020-06-22T19:38:04","date_gmt":"2020-06-22T19:38:04","guid":{"rendered":"https:\/\/rggstudio.sega.com\/?page_id=36"},"modified":"2022-09-14T10:13:56","modified_gmt":"2022-09-14T10:13:56","slug":"about-old","status":"publish","type":"page","link":"https:\/\/rggstudio.sega.com\/fr_fr\/about-old\/","title":{"rendered":"ABOUT &#8211; OLD"},"content":{"rendered":"<p>[et_pb_section fb_built=&#8221;1&#8243; admin_label=&#8221;section&#8221; _builder_version=&#8221;4.4.7&#8243; background_color=&#8221;rgba(0,0,0,0)&#8221;][et_pb_row column_structure=&#8221;3_5,2_5&#8243; _builder_version=&#8221;4.4.7&#8243;][et_pb_column type=&#8221;3_5&#8243; _builder_version=&#8221;4.4.7&#8243;][et_pb_text _builder_version=&#8221;4.4.7&#8243;]<\/p>\n<h2>\u00c0 propos de Ryu Ga Gotoku Studio<\/h2>\n<hr \/>\n<p>Avec plus de 12\u00a0millions d'exemplaires vendus \u00e0 l'international depuis sa cr\u00e9ation en 2005, la s\u00e9rie des Yakuza \/ Ryu Ga Gotoku a \u00e9t\u00e9 cr\u00e9\u00e9e avec pour concept fort \u00ab\u00a0des divertissements \u00e0 l'intention d'un public mature\u00a0\u00bb. Cette s\u00e9rie relate la vie d'individus charismatiques dans les quartiers chauds du Japon. Ryu Ga Gotoku Studio n'a pas son pareil pour repr\u00e9senter le Japon moderne en y mettant en sc\u00e8ne l'amour, l'humanit\u00e9 et la trahison, \u00e0 travers une exp\u00e9rience sans commune mesure avec aucune autre dans le divertissement num\u00e9rique.<\/p>\n<p>[\/et_pb_text][\/et_pb_column][et_pb_column type=&#8221;2_5&#8243; _builder_version=&#8221;4.4.7&#8243;][et_pb_image src=&#8221;https:\/\/rggstudio.sega.com\/wp-content\/uploads\/2020\/06\/rggstudio-wht.png&#8221; title_text=&#8221;rggstudio-wht&#8221; _builder_version=&#8221;4.4.7&#8243;][\/et_pb_image][\/et_pb_column][\/et_pb_row][\/et_pb_section]<\/p>\n<span class=\"et_bloom_bottom_trigger\"><\/span>","protected":false},"excerpt":{"rendered":"<p>About Ryu Ga Gotoku Studio With over 12 million units sold worldwide since its creation in 2005, the Yakuza \/ Ryu Ga Gotoku series was created with the core concept of \u201cEntertainment geared towards mature audiences\u201d in mind, this series portrays the life of relatable people living in Japan\u2019s red-light districts. Ryu Ga Gotoku Studio [&hellip;]<\/p>","protected":false},"author":2,"featured_media":0,"parent":0,"menu_order":0,"comment_status":"closed","ping_status":"closed","template":"","meta":{"_et_pb_use_builder":"on","_et_pb_old_content":"","_et_gb_content_width":"","_links_to":"","_links_to_target":""},"_links":{"self":[{"href":"https:\/\/rggstudio.sega.com\/fr_fr\/wp-json\/wp\/v2\/pages\/36"}],"collection":[{"href":"https:\/\/rggstudio.sega.com\/fr_fr\/wp-json\/wp\/v2\/pages"}],"about":[{"href":"https:\/\/rggstudio.sega.com\/fr_fr\/wp-json\/wp\/v2\/types\/page"}],"author":[{"embeddable":true,"href":"https:\/\/rggstudio.sega.com\/fr_fr\/wp-json\/wp\/v2\/users\/2"}],"replies":[{"embeddable":true,"href":"https:\/\/rggstudio.sega.com\/fr_fr\/wp-json\/wp\/v2\/comments?post=36"}],"version-history":[{"count":21,"href":"https:\/\/rggstudio.sega.com\/fr_fr\/wp-json\/wp\/v2\/pages\/36\/revisions"}],"predecessor-version":[{"id":355282,"href":"https:\/\/rggstudio.sega.com\/fr_fr\/wp-json\/wp\/v2\/pages\/36\/revisions\/355282"}],"wp:attachment":[{"href":"https:\/\/rggstudio.sega.com\/fr_fr\/wp-json\/wp\/v2\/media?parent=36"}],"curies":[{"name":"wp","href":"https:\/\/api.w.org\/{rel}","templated":true}]}}